{"id":107,"date":"2024-10-31T08:52:22","date_gmt":"2024-10-31T08:52:22","guid":{"rendered":"https:\/\/terraplastik.com\/?page_id=107"},"modified":"2024-10-31T19:44:14","modified_gmt":"2024-10-31T19:44:14","slug":"hakkimizda","status":"publish","type":"page","link":"https:\/\/terraplastik.com\/?page_id=107","title":{"rendered":"Hakk\u0131m\u0131zda"},"content":{"rendered":"\t\t<div data-elementor-type=\"wp-page\" data-elementor-id=\"107\" class=\"elementor elementor-107\">\n\t\t\t\t\t\t<section class=\"elementor-section elementor-top-section elementor-element elementor-element-6530f02c elementor-section-boxed elementor-section-height-default elementor-section-height-default\" data-id=\"6530f02c\" data-element_type=\"section\" data-settings=\"{&quot;background_background&quot;:&quot;classic&quot;}\">\n\t\t\t\t\t\t\t<div class=\"elementor-background-overlay\"><\/div>\n\t\t\t\t\t\t\t<div class=\"elementor-container elementor-column-gap-default\">\n\t\t\t\t\t<div class=\"elementor-column elementor-col-100 elementor-top-column elementor-element elementor-element-6c00c8e0\" data-id=\"6c00c8e0\" data-element_type=\"column\">\n\t\t\t<div class=\"elementor-widget-wrap elementor-element-populated\">\n\t\t\t\t\t\t<div class=\"elementor-element elementor-element-6ef30bb2 elementor-widget elementor-widget-heading\" data-id=\"6ef30bb2\" data-element_type=\"widget\" data-widget_type=\"heading.default\">\n\t\t\t\t<div class=\"elementor-widget-container\">\n\t\t\t<h2 class=\"elementor-heading-title elementor-size-default\">Hakk\u0131m\u0131zda<\/h2>\t\t<\/div>\n\t\t\t\t<\/div>\n\t\t\t\t<div class=\"elementor-element elementor-element-72cbc67f elementor-icon-list--layout-inline elementor-align-center elementor-widget__width-auto elementor-list-item-link-full_width elementor-widget elementor-widget-icon-list\" data-id=\"72cbc67f\" data-element_type=\"widget\" data-widget_type=\"icon-list.default\">\n\t\t\t\t<div class=\"elementor-widget-container\">\n\t\t\t\t\t<ul class=\"elementor-icon-list-items elementor-inline-items\">\n\t\t\t\t\t\t\t<li class=\"elementor-icon-list-item elementor-inline-item\">\n\t\t\t\t\t\t\t\t\t\t\t<a href=\"https:\/\/terraplastik.com\/\">\n\n\t\t\t\t\t\t\t\t\t\t\t<span class=\"elementor-icon-list-text\">Ana Sayfa<\/span>\n\t\t\t\t\t\t\t\t\t\t\t<\/a>\n\t\t\t\t\t\t\t\t\t<\/li>\n\t\t\t\t\t\t\t\t<li class=\"elementor-icon-list-item elementor-inline-item\">\n\t\t\t\t\t\t\t\t\t\t\t<a href=\"https:\/\/terraplastik.com\/hakkimizda\/\">\n\n\t\t\t\t\t\t\t\t\t\t\t\t<span class=\"elementor-icon-list-icon\">\n\t\t\t\t\t\t\t<svg aria-hidden=\"true\" class=\"e-font-icon-svg e-fas-chevron-right\" viewBox=\"0 0 320 512\" xmlns=\"http:\/\/www.w3.org\/2000\/svg\"><path d=\"M285.476 272.971L91.132 467.314c-9.373 9.373-24.569 9.373-33.941 0l-22.667-22.667c-9.357-9.357-9.375-24.522-.04-33.901L188.505 256 34.484 101.255c-9.335-9.379-9.317-24.544.04-33.901l22.667-22.667c9.373-9.373 24.569-9.373 33.941 0L285.475 239.03c9.373 9.372 9.373 24.568.001 33.941z\"><\/path><\/svg>\t\t\t\t\t\t<\/span>\n\t\t\t\t\t\t\t\t\t\t<span class=\"elementor-icon-list-text\">Hakk\u0131m\u0131zda<\/span>\n\t\t\t\t\t\t\t\t\t\t\t<\/a>\n\t\t\t\t\t\t\t\t\t<\/li>\n\t\t\t\t\t\t<\/ul>\n\t\t\t\t<\/div>\n\t\t\t\t<\/div>\n\t\t\t\t\t<\/div>\n\t\t<\/div>\n\t\t\t\t\t<\/div>\n\t\t<\/section>\n\t\t\t\t<section class=\"elementor-section elementor-top-section elementor-element elementor-element-6735031f elementor-section-content-middle elementor-section-boxed elementor-section-height-default elementor-section-height-default\" data-id=\"6735031f\" data-element_type=\"section\" data-settings=\"{&quot;background_background&quot;:&quot;classic&quot;}\">\n\t\t\t\t\t\t<div class=\"elementor-container elementor-column-gap-default\">\n\t\t\t\t\t<div class=\"elementor-column elementor-col-50 elementor-top-column elementor-element elementor-element-6741022d\" data-id=\"6741022d\" data-element_type=\"column\" data-settings=\"{&quot;background_background&quot;:&quot;classic&quot;}\">\n\t\t\t<div class=\"elementor-widget-wrap elementor-element-populated\">\n\t\t\t\t\t\t<div class=\"elementor-element elementor-element-2f4a0587 elementor-widget elementor-widget-image\" data-id=\"2f4a0587\" data-element_type=\"widget\" data-widget_type=\"image.default\">\n\t\t\t\t<div class=\"elementor-widget-container\">\n\t\t\t\t\t\t\t\t\t\t\t\t\t<img fetchpriority=\"high\" decoding=\"async\" width=\"1928\" height=\"2560\" src=\"https:\/\/terraplastik.com\/wp-content\/uploads\/2024\/10\/container-cargo-ship-loading-unloading-industrial-port-scaled.jpg\" class=\"attachment-full size-full wp-image-199\" alt=\"\" srcset=\"https:\/\/terraplastik.com\/wp-content\/uploads\/2024\/10\/container-cargo-ship-loading-unloading-industrial-port-scaled.jpg 1928w, https:\/\/terraplastik.com\/wp-content\/uploads\/2024\/10\/container-cargo-ship-loading-unloading-industrial-port-226x300.jpg 226w, https:\/\/terraplastik.com\/wp-content\/uploads\/2024\/10\/container-cargo-ship-loading-unloading-industrial-port-771x1024.jpg 771w, https:\/\/terraplastik.com\/wp-content\/uploads\/2024\/10\/container-cargo-ship-loading-unloading-industrial-port-768x1020.jpg 768w, https:\/\/terraplastik.com\/wp-content\/uploads\/2024\/10\/container-cargo-ship-loading-unloading-industrial-port-1157x1536.jpg 1157w, https:\/\/terraplastik.com\/wp-content\/uploads\/2024\/10\/container-cargo-ship-loading-unloading-industrial-port-1543x2048.jpg 1543w\" sizes=\"(max-width: 1928px) 100vw, 1928px\" \/>\t\t\t\t\t\t\t\t\t\t\t\t\t<\/div>\n\t\t\t\t<\/div>\n\t\t\t\t<section class=\"elementor-section elementor-inner-section elementor-element elementor-element-21d3554c elementor-section-boxed elementor-section-height-default elementor-section-height-default\" data-id=\"21d3554c\" data-element_type=\"section\">\n\t\t\t\t\t\t<div class=\"elementor-container elementor-column-gap-default\">\n\t\t\t\t\t<div class=\"elementor-column elementor-col-50 elementor-inner-column elementor-element elementor-element-2eadfb88\" data-id=\"2eadfb88\" data-element_type=\"column\" data-settings=\"{&quot;background_background&quot;:&quot;classic&quot;}\">\n\t\t\t<div class=\"elementor-widget-wrap elementor-element-populated\">\n\t\t\t\t\t\t<div class=\"elementor-element elementor-element-473b1f elementor-widget__width-auto elementor-view-default elementor-widget elementor-widget-icon\" data-id=\"473b1f\" data-element_type=\"widget\" data-widget_type=\"icon.default\">\n\t\t\t\t<div class=\"elementor-widget-container\">\n\t\t\t\t\t<div class=\"elementor-icon-wrapper\">\n\t\t\t<div class=\"elementor-icon\">\n\t\t\t<i aria-hidden=\"true\" class=\"jki jki-team-1-light\"><\/i>\t\t\t<\/div>\n\t\t<\/div>\n\t\t\t\t<\/div>\n\t\t\t\t<\/div>\n\t\t\t\t\t<\/div>\n\t\t<\/div>\n\t\t\t\t<div class=\"elementor-column elementor-col-50 elementor-inner-column elementor-element elementor-element-6b0f9432\" data-id=\"6b0f9432\" data-element_type=\"column\">\n\t\t\t<div class=\"elementor-widget-wrap\">\n\t\t\t\t\t\t\t<\/div>\n\t\t<\/div>\n\t\t\t\t\t<\/div>\n\t\t<\/section>\n\t\t\t\t\t<\/div>\n\t\t<\/div>\n\t\t\t\t<div class=\"elementor-column elementor-col-50 elementor-top-column elementor-element elementor-element-5456c87f\" data-id=\"5456c87f\" data-element_type=\"column\">\n\t\t\t<div class=\"elementor-widget-wrap elementor-element-populated\">\n\t\t\t\t\t\t<div class=\"elementor-element elementor-element-6d9904c1 animated-slow elementor-invisible elementor-widget elementor-widget-heading\" data-id=\"6d9904c1\" data-element_type=\"widget\" data-settings=\"{&quot;_animation&quot;:&quot;fadeInLeft&quot;}\" data-widget_type=\"heading.default\">\n\t\t\t\t<div class=\"elementor-widget-container\">\n\t\t\t<h5 class=\"elementor-heading-title elementor-size-default\">Hakk\u0131m\u0131zda<\/h5>\t\t<\/div>\n\t\t\t\t<\/div>\n\t\t\t\t<div class=\"elementor-element elementor-element-7065d9bd elementor-widget elementor-widget-heading\" data-id=\"7065d9bd\" data-element_type=\"widget\" data-widget_type=\"heading.default\">\n\t\t\t\t<div class=\"elementor-widget-container\">\n\t\t\t<h2 class=\"elementor-heading-title elementor-size-default\">K\u00fcresel Ba\u015far\u0131n\u0131z \u0130\u00e7in Do\u011fru \u0130\u015f Orta\u011f\u0131<\/h2>\t\t<\/div>\n\t\t\t\t<\/div>\n\t\t\t\t<div class=\"elementor-element elementor-element-33a2e537 elementor-widget elementor-widget-text-editor\" data-id=\"33a2e537\" data-element_type=\"widget\" data-widget_type=\"text-editor.default\">\n\t\t\t\t<div class=\"elementor-widget-container\">\n\t\t\t\t\t\t\t<p>\u0130zmir merkezli TERRA X, ihracata y\u00f6nelik geni\u015f \u00fcr\u00fcn yelpazesiyle tan\u0131nan lider bir tedarik\u00e7idir. Kurucular\u0131n\u0131n uzun y\u0131llara dayanan sekt\u00f6rel deneyimi sayesinde TERRA X, y\u00fcksek kaliteli do\u011fal ta\u015f ve ah\u015fap mobilya \u00fcr\u00fcnlerini d\u00fcnya genelindeki m\u00fc\u015fterilerine sunmaktad\u0131r. Mermer, granit, traverten gibi do\u011fal ta\u015f \u00fcr\u00fcnlerinin yan\u0131 s\u0131ra, \u015f\u0131k ve fonksiyonel ah\u015fap mobilya \u00e7\u00f6z\u00fcmleri de sunan TERRA X, her zevke ve ihtiyaca hitap eder. M\u00fc\u015fteri odakl\u0131 yakla\u015f\u0131m\u0131yla projeleriniz i\u00e7in ki\u015fiselle\u015ftirilmi\u015f \u00e7\u00f6z\u00fcmler sa\u011flayan firma, g\u00fcvenilir lojistik a\u011f\u0131 ile k\u00fcresel pazarda h\u0131zl\u0131 ve g\u00fcvenli teslimat ger\u00e7ekle\u015ftirmektedir. \u00c7evreye duyarl\u0131 \u00fcretim s\u00fcre\u00e7leriyle s\u00fcrd\u00fcr\u00fclebilirlik ilkelerine ba\u011fl\u0131 olarak faaliyet\u00a0g\u00f6stermektedir.<\/p>\t\t\t\t\t\t<\/div>\n\t\t\t\t<\/div>\n\t\t\t\t<section class=\"elementor-section elementor-inner-section elementor-element elementor-element-58be24da elementor-section-content-top elementor-section-boxed elementor-section-height-default elementor-section-height-default\" data-id=\"58be24da\" data-element_type=\"section\">\n\t\t\t\t\t\t<div class=\"elementor-container elementor-column-gap-no\">\n\t\t\t\t\t<div class=\"elementor-column elementor-col-50 elementor-inner-column elementor-element elementor-element-1fa4d0d0\" data-id=\"1fa4d0d0\" data-element_type=\"column\">\n\t\t\t<div class=\"elementor-widget-wrap elementor-element-populated\">\n\t\t\t\t\t\t<div class=\"elementor-element elementor-element-6d4d0b86 elementor-widget elementor-widget-text-editor\" data-id=\"6d4d0b86\" data-element_type=\"widget\" data-widget_type=\"text-editor.default\">\n\t\t\t\t<div class=\"elementor-widget-container\">\n\t\t\t\t\t\t\t<p>G\u00fc\u00e7l\u00fc lojistik altyap\u0131m\u0131z sayesinde, \u00fcr\u00fcnleriniz d\u00fcnyan\u0131n d\u00f6rt bir yan\u0131na zaman\u0131nda ve g\u00fcvenle ula\u015f\u0131yor. TERRA X&#8217;in estetik ve dayan\u0131kl\u0131l\u0131\u011f\u0131 bulu\u015fturan \u00fcr\u00fcnleriyle projelerinize zarafet ve i\u015flevsellik kat\u0131n.<\/p><p>\u00a0<\/p>\t\t\t\t\t\t<\/div>\n\t\t\t\t<\/div>\n\t\t\t\t\t<\/div>\n\t\t<\/div>\n\t\t\t\t<div class=\"elementor-column elementor-col-50 elementor-inner-column elementor-element elementor-element-33798a97\" data-id=\"33798a97\" data-element_type=\"column\">\n\t\t\t<div class=\"elementor-widget-wrap elementor-element-populated\">\n\t\t\t\t\t\t<div class=\"elementor-element elementor-element-477f47d4 elementor-icon-list--layout-traditional elementor-list-item-link-full_width elementor-widget elementor-widget-icon-list\" data-id=\"477f47d4\" data-element_type=\"widget\" data-widget_type=\"icon-list.default\">\n\t\t\t\t<div class=\"elementor-widget-container\">\n\t\t\t\t\t<ul class=\"elementor-icon-list-items\">\n\t\t\t\t\t\t\t<li class=\"elementor-icon-list-item\">\n\t\t\t\t\t\t\t\t\t\t\t<span class=\"elementor-icon-list-icon\">\n\t\t\t\t\t\t\t<svg aria-hidden=\"true\" class=\"e-font-icon-svg e-fas-check-circle\" viewBox=\"0 0 512 512\" xmlns=\"http:\/\/www.w3.org\/2000\/svg\"><path d=\"M504 256c0 136.967-111.033 248-248 248S8 392.967 8 256 119.033 8 256 8s248 111.033 248 248zM227.314 387.314l184-184c6.248-6.248 6.248-16.379 0-22.627l-22.627-22.627c-6.248-6.249-16.379-6.249-22.628 0L216 308.118l-70.059-70.059c-6.248-6.248-16.379-6.248-22.628 0l-22.627 22.627c-6.248 6.248-6.248 16.379 0 22.627l104 104c6.249 6.249 16.379 6.249 22.628.001z\"><\/path><\/svg>\t\t\t\t\t\t<\/span>\n\t\t\t\t\t\t\t\t\t\t<span class=\"elementor-icon-list-text\">Kalite ve G\u00fcven<\/span>\n\t\t\t\t\t\t\t\t\t<\/li>\n\t\t\t\t\t\t\t\t<li class=\"elementor-icon-list-item\">\n\t\t\t\t\t\t\t\t\t\t\t<span class=\"elementor-icon-list-icon\">\n\t\t\t\t\t\t\t<svg aria-hidden=\"true\" class=\"e-font-icon-svg e-fas-check-circle\" viewBox=\"0 0 512 512\" xmlns=\"http:\/\/www.w3.org\/2000\/svg\"><path d=\"M504 256c0 136.967-111.033 248-248 248S8 392.967 8 256 119.033 8 256 8s248 111.033 248 248zM227.314 387.314l184-184c6.248-6.248 6.248-16.379 0-22.627l-22.627-22.627c-6.248-6.249-16.379-6.249-22.628 0L216 308.118l-70.059-70.059c-6.248-6.248-16.379-6.248-22.628 0l-22.627 22.627c-6.248 6.248-6.248 16.379 0 22.627l104 104c6.249 6.249 16.379 6.249 22.628.001z\"><\/path><\/svg>\t\t\t\t\t\t<\/span>\n\t\t\t\t\t\t\t\t\t\t<span class=\"elementor-icon-list-text\">\u00d6zg\u00fcn Tasar\u0131mlar<\/span>\n\t\t\t\t\t\t\t\t\t<\/li>\n\t\t\t\t\t\t\t\t<li class=\"elementor-icon-list-item\">\n\t\t\t\t\t\t\t\t\t\t\t<span class=\"elementor-icon-list-icon\">\n\t\t\t\t\t\t\t<svg aria-hidden=\"true\" class=\"e-font-icon-svg e-fas-check-circle\" viewBox=\"0 0 512 512\" xmlns=\"http:\/\/www.w3.org\/2000\/svg\"><path d=\"M504 256c0 136.967-111.033 248-248 248S8 392.967 8 256 119.033 8 256 8s248 111.033 248 248zM227.314 387.314l184-184c6.248-6.248 6.248-16.379 0-22.627l-22.627-22.627c-6.248-6.249-16.379-6.249-22.628 0L216 308.118l-70.059-70.059c-6.248-6.248-16.379-6.248-22.628 0l-22.627 22.627c-6.248 6.248-6.248 16.379 0 22.627l104 104c6.249 6.249 16.379 6.249 22.628.001z\"><\/path><\/svg>\t\t\t\t\t\t<\/span>\n\t\t\t\t\t\t\t\t\t\t<span class=\"elementor-icon-list-text\">\u0130hracat Uzmanl\u0131\u011f\u0131<\/span>\n\t\t\t\t\t\t\t\t\t<\/li>\n\t\t\t\t\t\t\t\t<li class=\"elementor-icon-list-item\">\n\t\t\t\t\t\t\t\t\t\t\t<span class=\"elementor-icon-list-icon\">\n\t\t\t\t\t\t\t<svg aria-hidden=\"true\" class=\"e-font-icon-svg e-fas-check-circle\" viewBox=\"0 0 512 512\" xmlns=\"http:\/\/www.w3.org\/2000\/svg\"><path d=\"M504 256c0 136.967-111.033 248-248 248S8 392.967 8 256 119.033 8 256 8s248 111.033 248 248zM227.314 387.314l184-184c6.248-6.248 6.248-16.379 0-22.627l-22.627-22.627c-6.248-6.249-16.379-6.249-22.628 0L216 308.118l-70.059-70.059c-6.248-6.248-16.379-6.248-22.628 0l-22.627 22.627c-6.248 6.248-6.248 16.379 0 22.627l104 104c6.249 6.249 16.379 6.249 22.628.001z\"><\/path><\/svg>\t\t\t\t\t\t<\/span>\n\t\t\t\t\t\t\t\t\t\t<span class=\"elementor-icon-list-text\">M\u00fc\u015fteri Odakl\u0131 Yakla\u015f\u0131m<\/span>\n\t\t\t\t\t\t\t\t\t<\/li>\n\t\t\t\t\t\t<\/ul>\n\t\t\t\t<\/div>\n\t\t\t\t<\/div>\n\t\t\t\t\t<\/div>\n\t\t<\/div>\n\t\t\t\t\t<\/div>\n\t\t<\/section>\n\t\t\t\t\t<\/div>\n\t\t<\/div>\n\t\t\t\t\t<\/div>\n\t\t<\/section>\n\t\t<div class=\"elementor-element elementor-element-d33c551 e-grid e-con-boxed e-con e-parent\" data-id=\"d33c551\" data-element_type=\"container\">\n\t\t\t\t\t<div class=\"e-con-inner\">\n\t\t\t\t<div class=\"elementor-element elementor-element-d9ef022 elementor-view-default elementor-position-top elementor-mobile-position-top elementor-widget elementor-widget-icon-box\" data-id=\"d9ef022\" data-element_type=\"widget\" data-widget_type=\"icon-box.default\">\n\t\t\t\t<div class=\"elementor-widget-container\">\n\t\t\t\t\t<div class=\"elementor-icon-box-wrapper\">\n\n\t\t\t\t\t\t<div class=\"elementor-icon-box-icon\">\n\t\t\t\t<span  class=\"elementor-icon elementor-animation-\">\n\t\t\t\t<i aria-hidden=\"true\" class=\"jki jki-checkmark-light\"><\/i>\t\t\t\t<\/span>\n\t\t\t<\/div>\n\t\t\t\n\t\t\t\t\t\t<div class=\"elementor-icon-box-content\">\n\n\t\t\t\t\t\t\t\t\t<h3 class=\"elementor-icon-box-title\">\n\t\t\t\t\t\t<span  >\n\t\t\t\t\t\t\tVizyonumuz\t\t\t\t\t\t<\/span>\n\t\t\t\t\t<\/h3>\n\t\t\t\t\n\t\t\t\t\t\t\t\t\t<p class=\"elementor-icon-box-description\">\n\t\t\t\t\t\tTERRA X olarak, sadece \u00fcr\u00fcn satman\u0131n \u00f6tesinde, do\u011fal ta\u015f ve ah\u015fap mobilya sekt\u00f6r\u00fcnde kal\u0131c\u0131 ve pozitif bir iz b\u0131rakmay\u0131 hedefliyoruz. Vizyonumuz; do\u011fal kaynaklar\u0131n s\u00fcrd\u00fcr\u00fclebilir bir \u015fekilde i\u015flenmesini sa\u011flarken, m\u00fc\u015fterilerimize estetik ve dayan\u0131kl\u0131l\u0131\u011f\u0131 bir arada sunarak uluslararas\u0131 pazarlarda bir referans noktas\u0131 olmakt\u0131r. Amac\u0131m\u0131z, T\u00fcrkiye\u2019nin g\u00fczelliklerini t\u00fcm d\u00fcnyaya tan\u0131tarak, do\u011fan\u0131n sundu\u011fu bu e\u015fsiz zenginlikleri her co\u011frafyada kal\u0131c\u0131 k\u0131lmak.\t\t\t\t\t<\/p>\n\t\t\t\t\n\t\t\t<\/div>\n\t\t\t\n\t\t<\/div>\n\t\t\t\t<\/div>\n\t\t\t\t<\/div>\n\t\t\t\t<div class=\"elementor-element elementor-element-c7616f7 elementor-view-default elementor-position-top elementor-mobile-position-top elementor-widget elementor-widget-icon-box\" data-id=\"c7616f7\" data-element_type=\"widget\" data-widget_type=\"icon-box.default\">\n\t\t\t\t<div class=\"elementor-widget-container\">\n\t\t\t\t\t<div class=\"elementor-icon-box-wrapper\">\n\n\t\t\t\t\t\t<div class=\"elementor-icon-box-icon\">\n\t\t\t\t<span  class=\"elementor-icon elementor-animation-\">\n\t\t\t\t<i aria-hidden=\"true\" class=\"jki jki-checkmark-light\"><\/i>\t\t\t\t<\/span>\n\t\t\t<\/div>\n\t\t\t\n\t\t\t\t\t\t<div class=\"elementor-icon-box-content\">\n\n\t\t\t\t\t\t\t\t\t<h3 class=\"elementor-icon-box-title\">\n\t\t\t\t\t\t<span  >\n\t\t\t\t\t\t\tMisyonumuz\t\t\t\t\t\t<\/span>\n\t\t\t\t\t<\/h3>\n\t\t\t\t\n\t\t\t\t\t\t\t\t\t<p class=\"elementor-icon-box-description\">\n\t\t\t\t\t\tDo\u011fan\u0131n e\u015fsiz g\u00fczelliklerini en y\u00fcksek kalite standartlar\u0131yla bulu\u015fturarak, projelerinize hayat vermek bizim misyonumuzdur. M\u00fc\u015fterilerimize en iyi hizmeti sunmak ve ihtiya\u00e7lar\u0131na \u00f6zel \u00e7\u00f6z\u00fcmler \u00fcretmek i\u00e7in, \u00fcr\u00fcnlerimizin her detay\u0131nda kaliteyi \u00f6nceliklendiriyor ve \u00e7evreye duyarl\u0131 bir \u00fcretim anlay\u0131\u015f\u0131n\u0131 benimsiyoruz. TERRA X olarak, her ad\u0131mda m\u00fckemmellik pe\u015finde ko\u015fuyor ve do\u011fal g\u00fczelliklerin projelerinize estetik bir de\u011fer katmas\u0131 i\u00e7in \u00e7al\u0131\u015f\u0131yoruz.\t\t\t\t\t<\/p>\n\t\t\t\t\n\t\t\t<\/div>\n\t\t\t\n\t\t<\/div>\n\t\t\t\t<\/div>\n\t\t\t\t<\/div>\n\t\t\t\t\t<\/div>\n\t\t\t\t<\/div>\n\t\t\t\t<section class=\"elementor-section elementor-top-section elementor-element elementor-element-5b84a1da elementor-section-boxed elementor-section-height-default elementor-section-height-default\" data-id=\"5b84a1da\" data-element_type=\"section\" data-settings=\"{&quot;background_background&quot;:&quot;classic&quot;}\">\n\t\t\t\t\t\t\t<div class=\"elementor-background-overlay\"><\/div>\n\t\t\t\t\t\t\t<div class=\"elementor-container elementor-column-gap-default\">\n\t\t\t\t\t<div class=\"elementor-column elementor-col-100 elementor-top-column elementor-element elementor-element-629a679f\" data-id=\"629a679f\" data-element_type=\"column\">\n\t\t\t<div class=\"elementor-widget-wrap elementor-element-populated\">\n\t\t\t\t\t\t<div class=\"elementor-element elementor-element-73a6607f elementor-widget elementor-widget-heading\" data-id=\"73a6607f\" data-element_type=\"widget\" data-widget_type=\"heading.default\">\n\t\t\t\t<div class=\"elementor-widget-container\">\n\t\t\t<h2 class=\"elementor-heading-title elementor-size-default\">TERRA X, y\u00fcksek kaliteli do\u011fal ta\u015f ve ah\u015fap mobilya \u00fcr\u00fcnlerini uluslararas\u0131 pazarlara g\u00fcvenli bir \u015fekilde ula\u015ft\u0131ran deneyimli bir ihracat uzman\u0131d\u0131r.<\/h2>\t\t<\/div>\n\t\t\t\t<\/div>\n\t\t\t\t<div class=\"elementor-element elementor-element-632002c9 elementor-widget elementor-widget-text-editor\" data-id=\"632002c9\" data-element_type=\"widget\" data-widget_type=\"text-editor.default\">\n\t\t\t\t<div class=\"elementor-widget-container\">\n\t\t\t\t\t\t\t<p>M\u00fc\u015fteri odakl\u0131 yakla\u015f\u0131m\u0131m\u0131zla, her projeye \u00f6zel \u00e7\u00f6z\u00fcmler sunuyor ve ihtiya\u00e7lar\u0131n\u0131za uygun \u00fcr\u00fcnleri zaman\u0131nda teslim ediyoruz. G\u00fc\u00e7l\u00fc lojistik a\u011f\u0131m\u0131z sayesinde, sipari\u015flerinizin her a\u015famas\u0131nda g\u00fcvenilirlik ve h\u0131z sa\u011fl\u0131yoruz. S\u00fcrd\u00fcr\u00fclebilir \u00fcretim s\u00fcre\u00e7lerimizle \u00e7evreye duyarl\u0131 bir ihracat anlay\u0131\u015f\u0131n\u0131 benimsiyoruz. TERRA X, do\u011fan\u0131n g\u00fczelliklerini d\u00fcnya ile bulu\u015fturmak i\u00e7in buradad\u0131r.<\/p>\t\t\t\t\t\t<\/div>\n\t\t\t\t<\/div>\n\t\t\t\t\t<\/div>\n\t\t<\/div>\n\t\t\t\t\t<\/div>\n\t\t<\/section>\n\t\t\t\t<section class=\"elementor-section elementor-top-section elementor-element elementor-element-77e0a263 elementor-section-boxed elementor-section-height-default elementor-section-height-default\" data-id=\"77e0a263\" data-element_type=\"section\">\n\t\t\t\t\t\t<div class=\"elementor-container elementor-column-gap-default\">\n\t\t\t\t\t<div class=\"elementor-column elementor-col-100 elementor-top-column elementor-element elementor-element-501c20c4\" data-id=\"501c20c4\" data-element_type=\"column\">\n\t\t\t<div class=\"elementor-widget-wrap elementor-element-populated\">\n\t\t\t\t\t\t<section class=\"elementor-section elementor-inner-section elementor-element elementor-element-1c56ea9 elementor-section-content-middle elementor-section-boxed elementor-section-height-default elementor-section-height-default\" data-id=\"1c56ea9\" data-element_type=\"section\">\n\t\t\t\t\t\t<div class=\"elementor-container elementor-column-gap-no\">\n\t\t\t\t\t<div class=\"elementor-column elementor-col-100 elementor-inner-column elementor-element elementor-element-121bd00a\" data-id=\"121bd00a\" data-element_type=\"column\" data-settings=\"{&quot;background_background&quot;:&quot;classic&quot;}\">\n\t\t\t<div class=\"elementor-widget-wrap elementor-element-populated\">\n\t\t\t\t\t\t<div class=\"elementor-element elementor-element-25b9de7 elementor-widget elementor-widget-heading\" data-id=\"25b9de7\" data-element_type=\"widget\" data-widget_type=\"heading.default\">\n\t\t\t\t<div class=\"elementor-widget-container\">\n\t\t\t<h2 class=\"elementor-heading-title elementor-size-default\">TERRA X ile B\u00fcy\u00fcmenize Yard\u0131mc\u0131 Oluyoruz<\/h2>\t\t<\/div>\n\t\t\t\t<\/div>\n\t\t\t\t<div class=\"elementor-element elementor-element-6bb3f219 elementor-widget elementor-widget-text-editor\" data-id=\"6bb3f219\" data-element_type=\"widget\" data-widget_type=\"text-editor.default\">\n\t\t\t\t<div class=\"elementor-widget-container\">\n\t\t\t\t\t\t\t<p>Y\u00fcksek kaliteli do\u011fal ta\u015f ve \u015f\u0131k ah\u015fap mobilya \u00e7\u00f6z\u00fcmlerimizle, projelerinize de\u011fer kat\u0131yor ve estetik bir dokunu\u015f sa\u011fl\u0131yoruz. Geni\u015f \u00fcr\u00fcn yelpazemiz, her zevke ve ihtiyaca hitap ederek, i\u015fletmenizin benzersiz kimli\u011fini yans\u0131tman\u0131za yard\u0131mc\u0131 olur. \u0130hracat konusundaki uzmanl\u0131\u011f\u0131m\u0131z sayesinde, d\u00fcnya \u00e7ap\u0131nda yeni pazarlar ke\u015ffetmenize olanak tan\u0131yoruz. M\u00fc\u015fteri memnuniyetini \u00f6ncelikli hedefimiz olarak benimsiyor ve sizinle g\u00fc\u00e7l\u00fc bir i\u015f ortakl\u0131\u011f\u0131 kurarak, b\u00fcy\u00fcme hedeflerinizi birlikte ger\u00e7ekle\u015ftiriyoruz. TERRA X, ba\u015far\u0131n\u0131z i\u00e7in g\u00fcvenilir bir destek kayna\u011f\u0131d\u0131r.<\/p>\t\t\t\t\t\t<\/div>\n\t\t\t\t<\/div>\n\t\t\t\t<div class=\"elementor-element elementor-element-404fc67a elementor-align-left elementor-mobile-align-left elementor-widget elementor-widget-button\" data-id=\"404fc67a\" data-element_type=\"widget\" data-widget_type=\"button.default\">\n\t\t\t\t<div class=\"elementor-widget-container\">\n\t\t\t\t\t\t\t<div class=\"elementor-button-wrapper\">\n\t\t\t\t\t<a class=\"elementor-button elementor-button-link elementor-size-sm elementor-animation-float\" href=\"https:\/\/terraplastik.com\/iletisim\/\">\n\t\t\t\t\t\t<span class=\"elementor-button-content-wrapper\">\n\t\t\t\t\t\t\t\t\t<span class=\"elementor-button-text\">\u0130leti\u015fim<\/span>\n\t\t\t\t\t<\/span>\n\t\t\t\t\t<\/a>\n\t\t\t\t<\/div>\n\t\t\t\t\t\t<\/div>\n\t\t\t\t<\/div>\n\t\t\t\t\t<\/div>\n\t\t<\/div>\n\t\t\t\t\t<\/div>\n\t\t<\/section>\n\t\t\t\t\t<\/div>\n\t\t<\/div>\n\t\t\t\t\t<\/div>\n\t\t<\/section>\n\t\t\t\t<\/div>\n\t\t","protected":false},"excerpt":{"rendered":"<p>Hakk\u0131m\u0131zda Ana Sayfa Hakk\u0131m\u0131zda Hakk\u0131m\u0131zda K\u00fcresel Ba\u015far\u0131n\u0131z \u0130\u00e7in Do\u011fru \u0130\u015f Orta\u011f\u0131 \u0130zmir merkezli TERRA X, ihracata y\u00f6nelik geni\u015f \u00fcr\u00fcn yelpazesiyle tan\u0131nan lider bir tedarik\u00e7idir. Kurucular\u0131n\u0131n uzun y\u0131llara dayanan sekt\u00f6rel deneyimi sayesinde TERRA X, y\u00fcksek kaliteli do\u011fal ta\u015f ve ah\u015fap mobilya \u00fcr\u00fcnlerini d\u00fcnya genelindeki m\u00fc\u015fterilerine sunmaktad\u0131r. Mermer, granit, traverten gibi do\u011fal ta\u015f \u00fcr\u00fcnlerinin yan\u0131 s\u0131ra, \u015f\u0131k [&hellip;]<\/p>\n","protected":false},"author":1,"featured_media":0,"parent":0,"menu_order":0,"comment_status":"closed","ping_status":"closed","template":"elementor_header_footer","meta":{"footnotes":""},"class_list":["post-107","page","type-page","status-publish","hentry"],"_links":{"self":[{"href":"https:\/\/terraplastik.com\/index.php?rest_route=\/wp\/v2\/pages\/107","targetHints":{"allow":["GET"]}}],"collection":[{"href":"https:\/\/terraplastik.com\/index.php?rest_route=\/wp\/v2\/pages"}],"about":[{"href":"https:\/\/terraplastik.com\/index.php?rest_route=\/wp\/v2\/types\/page"}],"author":[{"embeddable":true,"href":"https:\/\/terraplastik.com\/index.php?rest_route=\/wp\/v2\/users\/1"}],"replies":[{"embeddable":true,"href":"https:\/\/terraplastik.com\/index.php?rest_route=%2Fwp%2Fv2%2Fcomments&post=107"}],"version-history":[{"count":10,"href":"https:\/\/terraplastik.com\/index.php?rest_route=\/wp\/v2\/pages\/107\/revisions"}],"predecessor-version":[{"id":205,"href":"https:\/\/terraplastik.com\/index.php?rest_route=\/wp\/v2\/pages\/107\/revisions\/205"}],"wp:attachment":[{"href":"https:\/\/terraplastik.com\/index.php?rest_route=%2Fwp%2Fv2%2Fmedia&parent=107"}],"curies":[{"name":"wp","href":"https:\/\/api.w.org\/{rel}","templated":true}]}}