{"id":234,"date":"2025-07-18T12:35:04","date_gmt":"2025-07-18T12:35:04","guid":{"rendered":"https:\/\/terraplastik.com\/?page_id=234"},"modified":"2025-07-28T18:47:46","modified_gmt":"2025-07-28T18:47:46","slug":"plastik","status":"publish","type":"page","link":"https:\/\/terraplastik.com\/?page_id=234","title":{"rendered":"Plastik"},"content":{"rendered":"\t\t<div data-elementor-type=\"wp-page\" data-elementor-id=\"234\" class=\"elementor elementor-234\">\n\t\t\t\t\t\t<section class=\"elementor-section elementor-top-section elementor-element elementor-element-355a4551 elementor-section-boxed elementor-section-height-default elementor-section-height-default\" data-id=\"355a4551\" data-element_type=\"section\" data-settings=\"{&quot;background_background&quot;:&quot;classic&quot;}\">\n\t\t\t\t\t\t\t<div class=\"elementor-background-overlay\"><\/div>\n\t\t\t\t\t\t\t<div class=\"elementor-container elementor-column-gap-default\">\n\t\t\t\t\t<div class=\"elementor-column elementor-col-100 elementor-top-column elementor-element elementor-element-7206802b\" data-id=\"7206802b\" data-element_type=\"column\">\n\t\t\t<div class=\"elementor-widget-wrap elementor-element-populated\">\n\t\t\t\t\t\t<div class=\"elementor-element elementor-element-723cf82f elementor-widget elementor-widget-heading\" data-id=\"723cf82f\" data-element_type=\"widget\" data-widget_type=\"heading.default\">\n\t\t\t\t<div class=\"elementor-widget-container\">\n\t\t\t<h2 class=\"elementor-heading-title elementor-size-default\">Plastik<\/h2>\t\t<\/div>\n\t\t\t\t<\/div>\n\t\t\t\t<div class=\"elementor-element elementor-element-a833fd7 elementor-icon-list--layout-inline elementor-align-center elementor-widget__width-auto elementor-list-item-link-full_width elementor-widget elementor-widget-icon-list\" data-id=\"a833fd7\" data-element_type=\"widget\" data-widget_type=\"icon-list.default\">\n\t\t\t\t<div class=\"elementor-widget-container\">\n\t\t\t\t\t<ul class=\"elementor-icon-list-items elementor-inline-items\">\n\t\t\t\t\t\t\t<li class=\"elementor-icon-list-item elementor-inline-item\">\n\t\t\t\t\t\t\t\t\t\t\t<a href=\"https:\/\/terraplastik.com\/\">\n\n\t\t\t\t\t\t\t\t\t\t\t<span class=\"elementor-icon-list-text\">Ana Sayfa<\/span>\n\t\t\t\t\t\t\t\t\t\t\t<\/a>\n\t\t\t\t\t\t\t\t\t<\/li>\n\t\t\t\t\t\t\t\t<li class=\"elementor-icon-list-item elementor-inline-item\">\n\t\t\t\t\t\t\t\t\t\t\t<a href=\"https:\/\/terraplastik.com\/plastik\/\">\n\n\t\t\t\t\t\t\t\t\t\t\t\t<span class=\"elementor-icon-list-icon\">\n\t\t\t\t\t\t\t<svg aria-hidden=\"true\" class=\"e-font-icon-svg e-fas-chevron-right\" viewBox=\"0 0 320 512\" xmlns=\"http:\/\/www.w3.org\/2000\/svg\"><path d=\"M285.476 272.971L91.132 467.314c-9.373 9.373-24.569 9.373-33.941 0l-22.667-22.667c-9.357-9.357-9.375-24.522-.04-33.901L188.505 256 34.484 101.255c-9.335-9.379-9.317-24.544.04-33.901l22.667-22.667c9.373-9.373 24.569-9.373 33.941 0L285.475 239.03c9.373 9.372 9.373 24.568.001 33.941z\"><\/path><\/svg>\t\t\t\t\t\t<\/span>\n\t\t\t\t\t\t\t\t\t\t<span class=\"elementor-icon-list-text\">Plastik<\/span>\n\t\t\t\t\t\t\t\t\t\t\t<\/a>\n\t\t\t\t\t\t\t\t\t<\/li>\n\t\t\t\t\t\t<\/ul>\n\t\t\t\t<\/div>\n\t\t\t\t<\/div>\n\t\t\t\t\t<\/div>\n\t\t<\/div>\n\t\t\t\t\t<\/div>\n\t\t<\/section>\n\t\t<div class=\"elementor-element elementor-element-3203acf e-flex e-con-boxed e-con e-parent\" data-id=\"3203acf\" data-element_type=\"container\">\n\t\t\t\t\t<div class=\"e-con-inner\">\n\t\t\t\t<div class=\"elementor-element elementor-element-0132069 elementor-widget elementor-widget-html\" data-id=\"0132069\" data-element_type=\"widget\" data-widget_type=\"html.default\">\n\t\t\t\t<div class=\"elementor-widget-container\">\n\t\t\t<div class=\"_df_book df-lite\" id=\"df_244\"  _slug=\"terrax-plastik\" data-title=\"terrax-plastik\" wpoptions=\"true\" thumbtype=\"\" ><\/div><script class=\"df-shortcode-script\" nowprocket type=\"application\/javascript\">window.option_df_244 = {\"outline\":[],\"backgroundColor\":\"ffffff\",\"autoEnableOutline\":\"false\",\"autoEnableThumbnail\":\"false\",\"overwritePDFOutline\":\"false\",\"direction\":\"1\",\"pageSize\":\"0\",\"source\":\"http:\\\/\\\/terraplastik.com\\\/wp-content\\\/uploads\\\/2025\\\/07\\\/TerraX-Katalog.pdf\",\"wpOptions\":\"true\"}; if(window.DFLIP && window.DFLIP.parseBooks){window.DFLIP.parseBooks();}<\/script>\t\t<\/div>\n\t\t\t\t<\/div>\n\t\t\t\t\t<\/div>\n\t\t\t\t<\/div>\n\t\t\t\t<section class=\"elementor-section elementor-top-section elementor-element elementor-element-75277071 elementor-section-content-middle elementor-section-boxed elementor-section-height-default elementor-section-height-default\" data-id=\"75277071\" data-element_type=\"section\" data-settings=\"{&quot;background_background&quot;:&quot;classic&quot;}\">\n\t\t\t\t\t\t<div class=\"elementor-container elementor-column-gap-default\">\n\t\t\t\t\t<div class=\"elementor-column elementor-col-50 elementor-top-column elementor-element elementor-element-3e647a42\" data-id=\"3e647a42\" data-element_type=\"column\" data-settings=\"{&quot;background_background&quot;:&quot;classic&quot;}\">\n\t\t\t<div class=\"elementor-widget-wrap elementor-element-populated\">\n\t\t\t\t\t\t<div class=\"elementor-element elementor-element-75f728a0 elementor-widget elementor-widget-image\" data-id=\"75f728a0\" data-element_type=\"widget\" data-widget_type=\"image.default\">\n\t\t\t\t<div class=\"elementor-widget-container\">\n\t\t\t\t\t\t\t\t\t\t\t\t\t<img fetchpriority=\"high\" decoding=\"async\" width=\"512\" height=\"512\" src=\"https:\/\/terraplastik.com\/wp-content\/uploads\/2024\/11\/cropped-Basliksiz-1.jpg\" class=\"attachment-full size-full wp-image-218\" alt=\"\" srcset=\"https:\/\/terraplastik.com\/wp-content\/uploads\/2024\/11\/cropped-Basliksiz-1.jpg 512w, https:\/\/terraplastik.com\/wp-content\/uploads\/2024\/11\/cropped-Basliksiz-1-300x300.jpg 300w, https:\/\/terraplastik.com\/wp-content\/uploads\/2024\/11\/cropped-Basliksiz-1-150x150.jpg 150w, https:\/\/terraplastik.com\/wp-content\/uploads\/2024\/11\/cropped-Basliksiz-1-270x270.jpg 270w, https:\/\/terraplastik.com\/wp-content\/uploads\/2024\/11\/cropped-Basliksiz-1-192x192.jpg 192w, https:\/\/terraplastik.com\/wp-content\/uploads\/2024\/11\/cropped-Basliksiz-1-180x180.jpg 180w, https:\/\/terraplastik.com\/wp-content\/uploads\/2024\/11\/cropped-Basliksiz-1-32x32.jpg 32w\" sizes=\"(max-width: 512px) 100vw, 512px\" \/>\t\t\t\t\t\t\t\t\t\t\t\t\t<\/div>\n\t\t\t\t<\/div>\n\t\t\t\t\t<\/div>\n\t\t<\/div>\n\t\t\t\t<div class=\"elementor-column elementor-col-50 elementor-top-column elementor-element elementor-element-5a5a1a35\" data-id=\"5a5a1a35\" data-element_type=\"column\">\n\t\t\t<div class=\"elementor-widget-wrap elementor-element-populated\">\n\t\t\t\t\t\t<div class=\"elementor-element elementor-element-2e2fed73 animated-slow elementor-invisible elementor-widget elementor-widget-heading\" data-id=\"2e2fed73\" data-element_type=\"widget\" data-settings=\"{&quot;_animation&quot;:&quot;fadeInLeft&quot;}\" data-widget_type=\"heading.default\">\n\t\t\t\t<div class=\"elementor-widget-container\">\n\t\t\t<h5 class=\"elementor-heading-title elementor-size-default\">Terra-x Plastik<\/h5>\t\t<\/div>\n\t\t\t\t<\/div>\n\t\t\t\t<div class=\"elementor-element elementor-element-4a500c1f elementor-widget elementor-widget-heading\" data-id=\"4a500c1f\" data-element_type=\"widget\" data-widget_type=\"heading.default\">\n\t\t\t\t<div class=\"elementor-widget-container\">\n\t\t\t<h2 class=\"elementor-heading-title elementor-size-default\">TerraX \u00dcretiminde S\u00fcrd\u00fcr\u00fclebilirlik Ad\u0131mlar\u0131<\/h2>\t\t<\/div>\n\t\t\t\t<\/div>\n\t\t\t\t<div class=\"elementor-element elementor-element-595e2c03 elementor-widget elementor-widget-text-editor\" data-id=\"595e2c03\" data-element_type=\"widget\" data-widget_type=\"text-editor.default\">\n\t\t\t\t<div class=\"elementor-widget-container\">\n\t\t\t\t\t\t\t<p data-start=\"144\" data-end=\"519\"><strong data-start=\"144\" data-end=\"167\">TERRAX Plastik Kasa<\/strong> olarak, y\u00fcksek yo\u011funluklu polietilen hammaddeyle \u00fcretilen, dayan\u0131kl\u0131 ve \u00e7evre dostu plastik kasalar sunmaktan gurur duyuyoruz. \u00dcr\u00fcnlerimiz, +80\u00b0C&#8217;den -40\u00b0C&#8217;ye kadar geni\u015f s\u0131cakl\u0131k farkl\u0131l\u0131klar\u0131na kar\u015f\u0131 dayan\u0131kl\u0131d\u0131r ve g\u00fcne\u015f \u0131\u015f\u0131nlar\u0131 ile her t\u00fcrl\u00fc aside kar\u015f\u0131 mukavemet g\u00f6sterir. Bu sayede kasalar\u0131m\u0131z, zorlu ko\u015fullarda bile uzun \u00f6m\u00fcrl\u00fc kullan\u0131m sunar.<\/p><p data-start=\"521\" data-end=\"1021\">Kullan\u0131m kolayl\u0131\u011f\u0131 ve hijyen standartlar\u0131n\u0131 \u00f6n planda tutarak tasarlanan TERRAX kasalar\u0131, \u00fczerinde ta\u015f\u0131nan \u00fcr\u00fcnlere kesinlikle zarar vermez. Ah\u015fap kasalara k\u0131yasla daha hafif olmalar\u0131, ta\u015f\u0131ma ve istifleme s\u00fcre\u00e7lerinde b\u00fcy\u00fck kolayl\u0131k sa\u011flar. K\u0131r\u0131lmay\u0131 minimize eden ve kolay temizlenebilen yap\u0131s\u0131yla hijyenik bir depolama ve ta\u015f\u0131ma \u00e7\u00f6z\u00fcm\u00fc sunar. Ekonomik ve tasarruflu yap\u0131s\u0131yla \u00f6ne \u00e7\u0131kan \u00fcr\u00fcnlerimiz, tekrar tekrar kullan\u0131labilir olmas\u0131 sayesinde do\u011fay\u0131 kirletmez ve ormanlar\u0131n yok olmas\u0131n\u0131 engeller.<\/p><p data-start=\"1023\" data-end=\"1181\">TERRAX kasalar\u0131, 300 kg&#8217;a kadar y\u00fck ta\u015f\u0131ma kapasitesine sahiptir ve uygun kullan\u0131m ko\u015fullar\u0131nda k\u0131r\u0131lmaz. Ayr\u0131ca, ya\u011f, asit ve benzeri maddelerden etkilenmez.<\/p><p data-start=\"1183\" data-end=\"1388\"><strong data-start=\"1183\" data-end=\"1206\">TERRAX Plastik Kasa<\/strong> olarak misyonumuz; kalite, dayan\u0131kl\u0131l\u0131k ve s\u00fcrd\u00fcr\u00fclebilirlik ilkeleriyle sekt\u00f6rde \u00f6nc\u00fc olmakt\u0131r. \u0130htiya\u00e7lar\u0131n\u0131za uygun, g\u00fcvenilir ve pratik \u00e7\u00f6z\u00fcmler sunmak i\u00e7in s\u00fcrekli \u00e7al\u0131\u015f\u0131yoruz.<\/p>\t\t\t\t\t\t<\/div>\n\t\t\t\t<\/div>\n\t\t\t\t\t<\/div>\n\t\t<\/div>\n\t\t\t\t\t<\/div>\n\t\t<\/section>\n\t\t\t\t<\/div>\n\t\t","protected":false},"excerpt":{"rendered":"<p>Plastik Ana Sayfa Plastik Terra-x Plastik TerraX \u00dcretiminde S\u00fcrd\u00fcr\u00fclebilirlik Ad\u0131mlar\u0131 TERRAX Plastik Kasa olarak, y\u00fcksek yo\u011funluklu polietilen hammaddeyle \u00fcretilen, dayan\u0131kl\u0131 ve \u00e7evre dostu plastik kasalar sunmaktan gurur duyuyoruz. \u00dcr\u00fcnlerimiz, +80\u00b0C&#8217;den -40\u00b0C&#8217;ye kadar geni\u015f s\u0131cakl\u0131k farkl\u0131l\u0131klar\u0131na kar\u015f\u0131 dayan\u0131kl\u0131d\u0131r ve g\u00fcne\u015f \u0131\u015f\u0131nlar\u0131 ile her t\u00fcrl\u00fc aside kar\u015f\u0131 mukavemet g\u00f6sterir. Bu sayede kasalar\u0131m\u0131z, zorlu ko\u015fullarda bile uzun \u00f6m\u00fcrl\u00fc [&hellip;]<\/p>\n","protected":false},"author":1,"featured_media":0,"parent":0,"menu_order":0,"comment_status":"closed","ping_status":"closed","template":"elementor_header_footer","meta":{"footnotes":""},"class_list":["post-234","page","type-page","status-publish","hentry"],"_links":{"self":[{"href":"https:\/\/terraplastik.com\/index.php?rest_route=\/wp\/v2\/pages\/234","targetHints":{"allow":["GET"]}}],"collection":[{"href":"https:\/\/terraplastik.com\/index.php?rest_route=\/wp\/v2\/pages"}],"about":[{"href":"https:\/\/terraplastik.com\/index.php?rest_route=\/wp\/v2\/types\/page"}],"author":[{"embeddable":true,"href":"https:\/\/terraplastik.com\/index.php?rest_route=\/wp\/v2\/users\/1"}],"replies":[{"embeddable":true,"href":"https:\/\/terraplastik.com\/index.php?rest_route=%2Fwp%2Fv2%2Fcomments&post=234"}],"version-history":[{"count":16,"href":"https:\/\/terraplastik.com\/index.php?rest_route=\/wp\/v2\/pages\/234\/revisions"}],"predecessor-version":[{"id":273,"href":"https:\/\/terraplastik.com\/index.php?rest_route=\/wp\/v2\/pages\/234\/revisions\/273"}],"wp:attachment":[{"href":"https:\/\/terraplastik.com\/index.php?rest_route=%2Fwp%2Fv2%2Fmedia&parent=234"}],"curies":[{"name":"wp","href":"https:\/\/api.w.org\/{rel}","templated":true}]}}